{"id":59503,"date":"2023-09-21T05:15:48","date_gmt":"2023-09-21T05:15:48","guid":{"rendered":"https:\/\/prime.dev.designcentre.mc\/hors-marche\/"},"modified":"2025-03-05T10:07:33","modified_gmt":"2025-03-05T10:07:33","slug":"off-market-fr","status":"publish","type":"page","link":"https:\/\/prime.mc\/fr\/off-market-fr\/","title":{"rendered":"Off market"},"content":{"rendered":"\t\t<div data-elementor-type=\"wp-page\" data-elementor-id=\"59503\" class=\"elementor elementor-59503 elementor-48670\" data-elementor-settings=\"{&quot;ha_cmc_init_switcher&quot;:&quot;no&quot;}\" data-elementor-post-type=\"page\">\n\t\t\t\t\t\t<section data-particle_enable=\"false\" data-particle-mobile-disabled=\"false\" class=\"elementor-section elementor-top-section elementor-element elementor-element-25b7d5a elementor-section-content-middle elementor-section-full_width elementor-section-height-default elementor-section-height-default\" data-id=\"25b7d5a\" data-element_type=\"section\" data-e-type=\"section\" data-settings=\"{&quot;background_background&quot;:&quot;classic&quot;,&quot;_ha_eqh_enable&quot;:false}\">\n\t\t\t\t\t\t\t<div class=\"elementor-background-overlay\"><\/div>\n\t\t\t\t\t\t\t<div class=\"elementor-container elementor-column-gap-no\">\n\t\t\t\t\t<div class=\"elementor-column elementor-col-100 elementor-top-column elementor-element elementor-element-eda1706\" data-id=\"eda1706\" data-element_type=\"column\" data-e-type=\"column\" data-settings=\"{&quot;background_background&quot;:&quot;classic&quot;}\">\n\t\t\t<div class=\"elementor-widget-wrap elementor-element-populated\">\n\t\t\t\t\t\t<div class=\"elementor-element elementor-element-a366581 elementor-widget elementor-widget-heading\" data-id=\"a366581\" data-element_type=\"widget\" data-e-type=\"widget\" data-widget_type=\"heading.default\">\n\t\t\t\t<div class=\"elementor-widget-container\">\n\t\t\t\t\t<h2 class=\"elementor-heading-title elementor-size-default\">NOS BIENS OFF-MARKET<br><br><br><br><\/h2>\t\t\t\t<\/div>\n\t\t\t\t<\/div>\n\t\t\t\t<div class=\"elementor-element elementor-element-c435d41 elementor-widget elementor-widget-text-editor\" data-id=\"c435d41\" data-element_type=\"widget\" data-e-type=\"widget\" data-widget_type=\"text-editor.default\">\n\t\t\t\t<div class=\"elementor-widget-container\">\n\t\t\t\t\t\t\t\t\t<p>Ils sont nos secrets les mieux gard\u00e9s et m\u00e9ritent que nous nous rencontrions pour vous en d\u00e9voiler davantage.<\/p>\t\t\t\t\t\t\t\t<\/div>\n\t\t\t\t<\/div>\n\t\t\t\t<div class=\"elementor-element elementor-element-998c7ad elementor-widget elementor-widget-image\" data-id=\"998c7ad\" data-element_type=\"widget\" data-e-type=\"widget\" data-widget_type=\"image.default\">\n\t\t\t\t<div class=\"elementor-widget-container\">\n\t\t\t\t\t\t\t\t\t\t\t\t\t\t\t<img fetchpriority=\"high\" decoding=\"async\" width=\"1024\" height=\"564\" src=\"https:\/\/prime.mc\/wp-content\/uploads\/2023\/11\/villa-copy-1024x564.jpg\" class=\"attachment-large size-large wp-image-57183\" alt=\"\" srcset=\"https:\/\/prime.mc\/wp-content\/uploads\/2023\/11\/villa-copy-1024x564.jpg 1024w, https:\/\/prime.mc\/wp-content\/uploads\/2023\/11\/villa-copy-300x165.jpg 300w, https:\/\/prime.mc\/wp-content\/uploads\/2023\/11\/villa-copy-768x423.jpg 768w, https:\/\/prime.mc\/wp-content\/uploads\/2023\/11\/villa-copy-1536x846.jpg 1536w, https:\/\/prime.mc\/wp-content\/uploads\/2023\/11\/villa-copy-2048x1127.jpg 2048w, https:\/\/prime.mc\/wp-content\/uploads\/2023\/11\/villa-copy-1090x600.jpg 1090w, https:\/\/prime.mc\/wp-content\/uploads\/2023\/11\/villa-copy-496x273.jpg 496w\" sizes=\"(max-width: 1024px) 100vw, 1024px\" \/>\t\t\t\t\t\t\t\t\t\t\t\t\t\t\t<\/div>\n\t\t\t\t<\/div>\n\t\t\t\t\t<\/div>\n\t\t<\/div>\n\t\t\t\t\t<\/div>\n\t\t<\/section>\n\t\t\t\t<section data-particle_enable=\"false\" data-particle-mobile-disabled=\"false\" class=\"elementor-section elementor-top-section elementor-element elementor-element-9750812 elementor-section-boxed elementor-section-height-default elementor-section-height-default\" data-id=\"9750812\" data-element_type=\"section\" data-e-type=\"section\" data-settings=\"{&quot;_ha_eqh_enable&quot;:false}\">\n\t\t\t\t\t\t<div class=\"elementor-container elementor-column-gap-default\">\n\t\t\t\t\t<div class=\"elementor-column elementor-col-100 elementor-top-column elementor-element elementor-element-5bbbce8\" data-id=\"5bbbce8\" data-element_type=\"column\" data-e-type=\"column\">\n\t\t\t<div class=\"elementor-widget-wrap\">\n\t\t\t\t\t\t\t<\/div>\n\t\t<\/div>\n\t\t\t\t\t<\/div>\n\t\t<\/section>\n\t\t\t\t<section data-particle_enable=\"false\" data-particle-mobile-disabled=\"false\" class=\"elementor-section elementor-top-section elementor-element elementor-element-e77bc4e elementor-section-boxed elementor-section-height-default elementor-section-height-default\" data-id=\"e77bc4e\" data-element_type=\"section\" data-e-type=\"section\" id=\"rentals\" data-settings=\"{&quot;background_background&quot;:&quot;classic&quot;,&quot;_ha_eqh_enable&quot;:false}\">\n\t\t\t\t\t\t<div class=\"elementor-container elementor-column-gap-default\">\n\t\t\t\t\t<div class=\"elementor-column elementor-col-100 elementor-top-column elementor-element elementor-element-39be6e2\" data-id=\"39be6e2\" data-element_type=\"column\" data-e-type=\"column\">\n\t\t\t<div class=\"elementor-widget-wrap elementor-element-populated\">\n\t\t\t\t\t\t<div class=\"elementor-element elementor-element-afe63c5 elementor-widget elementor-widget-houzez_elementor_property-card-v5\" data-id=\"afe63c5\" data-element_type=\"widget\" data-e-type=\"widget\" data-widget_type=\"houzez_elementor_property-card-v5.default\">\n\t\t\t\t<div class=\"elementor-widget-container\">\n\t\t\t\t\t\t\t\n\t\t<div id=\"properties_module_section\" class=\"property-cards-module property-cards-module-v1 property-cards-module-3-cols\">\n\t\t\t<div id=\"module_properties\" class=\"listing-view grid-view card-deck grid-view-3-cols\">\n\t\t\t\t<div class=\"col-lg-12\">\n\t<p class=\"mt-30 text-center\">\n\t\tNo listing found.\t<\/p>\n<\/div>\n\t\t\t<\/div><!-- listing-view -->\n\n\t\t\t\t\t<\/div><!-- property-grid-module -->\n\n\t\t\t\t\t\t<\/div>\n\t\t\t\t<\/div>\n\t\t\t\t<div class=\"elementor-element elementor-element-eb0f3bc elementor-align-center elementor-widget elementor-widget-button\" data-id=\"eb0f3bc\" data-element_type=\"widget\" data-e-type=\"widget\" data-widget_type=\"button.default\">\n\t\t\t\t<div class=\"elementor-widget-container\">\n\t\t\t\t\t\t\t\t\t<div class=\"elementor-button-wrapper\">\n\t\t\t\t\t<a class=\"elementor-button elementor-button-link elementor-size-sm\" href=\"#contact\">\n\t\t\t\t\t\t<span class=\"elementor-button-content-wrapper\">\n\t\t\t\t\t\t\t\t\t<span class=\"elementor-button-text\">Contactez-nous<\/span>\n\t\t\t\t\t<\/span>\n\t\t\t\t\t<\/a>\n\t\t\t\t<\/div>\n\t\t\t\t\t\t\t\t<\/div>\n\t\t\t\t<\/div>\n\t\t\t\t\t<\/div>\n\t\t<\/div>\n\t\t\t\t\t<\/div>\n\t\t<\/section>\n\t\t\t\t<section data-particle_enable=\"false\" data-particle-mobile-disabled=\"false\" class=\"elementor-section elementor-top-section elementor-element elementor-element-9e939ae elementor-section-boxed elementor-section-height-default elementor-section-height-default\" data-id=\"9e939ae\" data-element_type=\"section\" data-e-type=\"section\" id=\"contact\" data-settings=\"{&quot;background_background&quot;:&quot;classic&quot;,&quot;_ha_eqh_enable&quot;:false}\">\n\t\t\t\t\t\t<div class=\"elementor-container elementor-column-gap-default\">\n\t\t\t\t\t<div class=\"elementor-column elementor-col-100 elementor-top-column elementor-element elementor-element-3074a3d\" data-id=\"3074a3d\" data-element_type=\"column\" data-e-type=\"column\" data-settings=\"{&quot;background_background&quot;:&quot;classic&quot;}\">\n\t\t\t<div class=\"elementor-widget-wrap elementor-element-populated\">\n\t\t\t\t\t\t<div class=\"elementor-element elementor-element-ff8a3e1 animated-slow elementor-invisible elementor-widget elementor-widget-heading\" data-id=\"ff8a3e1\" data-element_type=\"widget\" data-e-type=\"widget\" data-settings=\"{&quot;_animation&quot;:&quot;fadeIn&quot;}\" data-widget_type=\"heading.default\">\n\t\t\t\t<div class=\"elementor-widget-container\">\n\t\t\t\t\t<h2 class=\"elementor-heading-title elementor-size-default\">Nous contacter<\/h2>\t\t\t\t<\/div>\n\t\t\t\t<\/div>\n\t\t\t\t<section data-particle_enable=\"false\" data-particle-mobile-disabled=\"false\" class=\"elementor-section elementor-inner-section elementor-element elementor-element-e836bfa elementor-section-boxed elementor-section-height-default elementor-section-height-default\" data-id=\"e836bfa\" data-element_type=\"section\" data-e-type=\"section\" data-settings=\"{&quot;_ha_eqh_enable&quot;:false}\">\n\t\t\t\t\t\t<div class=\"elementor-container elementor-column-gap-default\">\n\t\t\t\t\t<div class=\"elementor-column elementor-col-50 elementor-inner-column elementor-element elementor-element-aa9e6af\" data-id=\"aa9e6af\" data-element_type=\"column\" data-e-type=\"column\">\n\t\t\t<div class=\"elementor-widget-wrap elementor-element-populated\">\n\t\t\t\t\t\t<div class=\"elementor-element elementor-element-d406f5a animated-slow elementor-button-align-stretch ha-has-bg-overlay elementor-invisible elementor-widget elementor-widget-houzez_elementor_contact_form\" data-id=\"d406f5a\" data-element_type=\"widget\" data-e-type=\"widget\" data-settings=\"{&quot;_animation&quot;:&quot;fadeIn&quot;}\" data-widget_type=\"houzez_elementor_contact_form.default\">\n\t\t\t\t<div class=\"elementor-widget-container\">\n\t\t\t\t\t\n        <script type=\"application\/javascript\">\n            jQuery(document).bind(\"ready\", function () {\n                houzezValidateElementor(\"#houzez-form-d406f5a\" );\n            });\n        <\/script>\n\n        <form class=\"elementor-form\" id=\"houzez-form-d406f5a\" method=\"post\" name=\"Nouveau formulaire\" action=\"https:\/\/prime.mc\/wp-admin\/admin-ajax.php\">\n            <input type=\"hidden\" name=\"form_id\" value=\"d406f5a\"\/>\n            <input type=\"hidden\" name=\"houzez_contact_form\" value=\"yes\"\/>\n            <input type=\"hidden\" name=\"action\" value=\"houzez_ele_contact_form\" \/>\n            <input type=\"hidden\" name=\"source_link\" value=\"https:\/\/prime.mc\/fr\/off-market-fr\/\" \/>\n            <input type=\"hidden\" name=\"lead_page_id\" value=\"59503\" \/>\n            <input type=\"hidden\" name=\"email_to\" value=\"info@prime.mc\" \/>\n            <input type=\"hidden\" name=\"email_subject\" value=\"email from primes estate off market\" \/>\n            <input type=\"hidden\" name=\"email_to_cc\" value=\"\" \/>\n            <input type=\"hidden\" name=\"email_to_bcc\" value=\"\" \/>\n            <input type=\"hidden\" name=\"webhook\" value=\"\" \/>\n            <input type=\"hidden\" name=\"webhook_url\" value=\"\" \/>\n            <input type=\"hidden\" name=\"redirect_to\" value=\"\" \/>\n            <input type=\"hidden\" name=\"google_recaptcha\" value=\"yes\" \/>\n            \n\n            <div class=\"elementor-form-fields-wrapper elementor-labels-above\">\n\n                                    <div class=\"elementor-field-group elementor-column form-group elementor-field-group-ba74d26 elementor-col-100 elementor-field-required\">\n                    <label for=\"form-field-ba74d26\" class=\"elementor-field-label elementor-screen-only\">Comment pouvons-nous vous aider ?<\/label>        <div class=\"elementor-field elementor-select-wrapper\">\n            <select name=\"user_type\" id=\"form-field-ba74d26\" class=\"elementor-field-textual form-control elementor-size-md\" required=\"required\" title=\"* Comment pouvons-nous vous aider ?\">\n                <option value=\"\">Comment pouvons-nous vous aider ?<\/option><option value=\"Buying\">Buying<\/option><option value=\"Selling\">Selling<\/option><option value=\"Rentals\">Rentals<\/option><option value=\"Investment\">Investment<\/option><option value=\"Advice\">Advice<\/option><option value=\"Other\">Other<\/option>            <\/select>\n        <\/div>\n                            <\/div>\n\n                                        <div class=\"elementor-field-group elementor-column form-group elementor-field-group-name elementor-col-50 elementor-field-required\">\n                    <label for=\"form-field-name\" class=\"elementor-field-label elementor-screen-only\">Nom<\/label><input type=\"text\" name=\"name\" id=\"form-field-name\" class=\"elementor-field form-control elementor-size-md elementor-field-textual\" placeholder=\"Nom\" title=\"* Nom\" required=\"required\">                    <\/div>\n\n                                        <div class=\"elementor-field-group elementor-column form-group elementor-field-group-ac2e031 elementor-col-50 elementor-field-required\">\n                    <label for=\"form-field-ac2e031\" class=\"elementor-field-label elementor-screen-only\">T\u00e9l\u00e9phone<\/label><input type=\"text\" name=\"mobile\" id=\"form-field-ac2e031\" class=\"elementor-field form-control elementor-size-md elementor-field-textual\" placeholder=\"T\u00e9l\u00e9phone\" title=\"* T\u00e9l\u00e9phone\" required=\"required\">                    <\/div>\n\n                                        <div class=\"elementor-field-group elementor-column form-group elementor-field-group-email elementor-col-100 elementor-field-required\">\n                    <label for=\"form-field-email\" class=\"elementor-field-label elementor-screen-only\">Email<\/label><input type=\"email\" name=\"email\" id=\"form-field-email\" class=\"elementor-field form-control elementor-size-md elementor-field-textual\" placeholder=\"Email\" title=\"* Email\" required=\"required\">                    <\/div>\n\n                                        <div class=\"elementor-field-group elementor-column form-group elementor-field-group-message elementor-col-100 elementor-field-required\">\n                    <label for=\"form-field-message\" class=\"elementor-field-label elementor-screen-only\">Message<\/label><textarea class=\"elementor-field-textual elementor-field elementor-size-md\" name=\"message\" id=\"form-field-message\" rows=\"4\" placeholder=\"En savoir plus\" required=\"required\" title=\"* Message\"><\/textarea>                    <\/div>\n\n                    \n                                        <div class=\"houzez-gdpr-agreement elementor-field-group elementor-col-100\">\n                        <label for=\"gdpr_agreement\" class=\"elementor-field-label\">Accord GDPR<\/label>\n                        <div class=\"gdpr-agreement-subgroup\">\n                            <span class=\"gdpr-field-option\">\n                                <label class=\"gdpr-text\" for=\"gdpr_agreement\">\n                                    <input required type=\"checkbox\" name=\"gdpr_agreement\" id=\"gdpr_agreement\" title=\"Merci de confirmer\">  Je consens \u00e0 ce que ce site web sauveguarde les informations fournies.                                <\/label>\n                            <\/span>\n                        <\/div> \n                        \n                                                 <div class=\"gdpr-agreement-subgroup\">\n                            <span class=\"gdpr-field-option\">\n                                <label class=\"gdpr-text\" for=\"subscribe_newsletter\">\n                                    <input type=\"checkbox\" name=\"subscribe_newsletter\" id=\"subscribe_newsletter\" title=\"Subscribe to newsletter\">  S'inscrire \u00e0 la Newsletter<\/label>\n                            <\/span>\n                        <\/div> \n                                                                    \n                        \n                        \n                    <\/div>\n                                        \n                   \n\n                                        <div class=\"\">\n                        <div class=\"form-group captcha_wrapper houzez-grecaptcha-v3\">\n    <div class=\"houzez_google_reCaptcha\"><\/div>\n<\/div>\n                    <\/div>\n                    \n                    <div class=\"elementor-field-group elementor-column elementor-field-type-submit elementor-col-100\">\n                    <button type=\"submit\" class=\"btn houzez-submit-button houzez-contact-form-js elementor-button elementor-size-md\">\n                        <i class=\"btn-loader houzez-loader-js\"><\/i>\n                                                    Submit                                            <\/button>\n                <\/div>\n            <\/div><!-- End wrapper-->\n            <br\/>\n            <div class=\"ele-form-messages\"><\/div>\n            <div class=\"error-container\"><\/div>\n\n        <\/form>\n\n    \t\t\t\t<\/div>\n\t\t\t\t<\/div>\n\t\t\t\t\t<\/div>\n\t\t<\/div>\n\t\t\t\t<div class=\"elementor-column elementor-col-50 elementor-inner-column elementor-element elementor-element-499328a\" data-id=\"499328a\" data-element_type=\"column\" data-e-type=\"column\" data-settings=\"{&quot;background_background&quot;:&quot;classic&quot;}\">\n\t\t\t<div class=\"elementor-widget-wrap elementor-element-populated\">\n\t\t\t\t\t\t<div class=\"elementor-element elementor-element-49d6e3d elementor-widget elementor-widget-spacer\" data-id=\"49d6e3d\" data-element_type=\"widget\" data-e-type=\"widget\" data-widget_type=\"spacer.default\">\n\t\t\t\t<div class=\"elementor-widget-container\">\n\t\t\t\t\t\t\t<div class=\"elementor-spacer\">\n\t\t\t<div class=\"elementor-spacer-inner\"><\/div>\n\t\t<\/div>\n\t\t\t\t\t\t<\/div>\n\t\t\t\t<\/div>\n\t\t\t\t\t<\/div>\n\t\t<\/div>\n\t\t\t\t\t<\/div>\n\t\t<\/section>\n\t\t\t\t\t<\/div>\n\t\t<\/div>\n\t\t\t\t\t<\/div>\n\t\t<\/section>\n\t\t\t\t<\/div>\n\t\t","protected":false},"excerpt":{"rendered":"<p>NOS BIENS OFF-MARKET Ils sont nos secrets les mieux gard\u00e9s et m\u00e9ritent que nous nous rencontrions pour vous en d\u00e9voiler davantage. Featured VILLA AVEC VUE PANORAMIQUE SUR LA MER \u20ac4,200,000 Villa France Beds: 3 \u00e0 4 +350 m\u00b2 Featured APPARTEMENT ENTI\u00c8REMENT R\u00c9NOV\u00c9 + 10.000.000 Appartement Monaco Beds: 2 \u00e0 3 Featured SPACIEUX APPARTEMENT R\u00c9NOV\u00c9 Prix [&hellip;]<\/p>\n","protected":false},"author":3,"featured_media":0,"parent":0,"menu_order":12,"comment_status":"closed","ping_status":"closed","template":"template\/template-homepage.php","meta":{"footnotes":""},"class_list":["post-59503","page","type-page","status-publish","hentry"],"yoast_head":"<!-- This site is optimized with the Yoast SEO plugin v27.4 - https:\/\/yoast.com\/product\/yoast-seo-wordpress\/ -->\n<title>Off market - Prime Estate<\/title>\n<meta name=\"robots\" content=\"index, follow, max-snippet:-1, max-image-preview:large, max-video-preview:-1\" \/>\n<link rel=\"canonical\" href=\"https:\/\/prime.mc\/fr\/off-market-fr\/\" \/>\n<meta property=\"og:locale\" content=\"fr_FR\" \/>\n<meta property=\"og:type\" content=\"article\" \/>\n<meta property=\"og:title\" content=\"Off market - Prime Estate\" \/>\n<meta property=\"og:description\" content=\"NOS BIENS OFF-MARKET Ils sont nos secrets les mieux gard\u00e9s et m\u00e9ritent que nous nous rencontrions pour vous en d\u00e9voiler davantage. Featured VILLA AVEC VUE PANORAMIQUE SUR LA MER \u20ac4,200,000 Villa France Beds: 3 \u00e0 4 +350 m\u00b2 Featured APPARTEMENT ENTI\u00c8REMENT R\u00c9NOV\u00c9 + 10.000.000 Appartement Monaco Beds: 2 \u00e0 3 Featured SPACIEUX APPARTEMENT R\u00c9NOV\u00c9 Prix [&hellip;]\" \/>\n<meta property=\"og:url\" content=\"https:\/\/prime.mc\/fr\/off-market-fr\/\" \/>\n<meta property=\"og:site_name\" content=\"Prime Estate\" \/>\n<meta property=\"article:modified_time\" content=\"2025-03-05T10:07:33+00:00\" \/>\n<meta property=\"og:image\" content=\"https:\/\/prime.mc\/wp-content\/uploads\/2023\/11\/villa-copy-1024x564.jpg\" \/>\n<meta name=\"twitter:card\" content=\"summary_large_image\" \/>\n<meta name=\"twitter:label1\" content=\"Dur\u00e9e de lecture estim\u00e9e\" \/>\n\t<meta name=\"twitter:data1\" content=\"2 minutes\" \/>\n<script type=\"application\/ld+json\" class=\"yoast-schema-graph\">{\"@context\":\"https:\\\/\\\/schema.org\",\"@graph\":[{\"@type\":\"WebPage\",\"@id\":\"https:\\\/\\\/prime.mc\\\/fr\\\/off-market-fr\\\/\",\"url\":\"https:\\\/\\\/prime.mc\\\/fr\\\/off-market-fr\\\/\",\"name\":\"Off market - Prime Estate\",\"isPartOf\":{\"@id\":\"https:\\\/\\\/prime.mc\\\/#website\"},\"primaryImageOfPage\":{\"@id\":\"https:\\\/\\\/prime.mc\\\/fr\\\/off-market-fr\\\/#primaryimage\"},\"image\":{\"@id\":\"https:\\\/\\\/prime.mc\\\/fr\\\/off-market-fr\\\/#primaryimage\"},\"thumbnailUrl\":\"https:\\\/\\\/prime.mc\\\/wp-content\\\/uploads\\\/2023\\\/11\\\/villa-copy-1024x564.jpg\",\"datePublished\":\"2023-09-21T05:15:48+00:00\",\"dateModified\":\"2025-03-05T10:07:33+00:00\",\"breadcrumb\":{\"@id\":\"https:\\\/\\\/prime.mc\\\/fr\\\/off-market-fr\\\/#breadcrumb\"},\"inLanguage\":\"fr-FR\",\"potentialAction\":[{\"@type\":\"ReadAction\",\"target\":[\"https:\\\/\\\/prime.mc\\\/fr\\\/off-market-fr\\\/\"]}]},{\"@type\":\"ImageObject\",\"inLanguage\":\"fr-FR\",\"@id\":\"https:\\\/\\\/prime.mc\\\/fr\\\/off-market-fr\\\/#primaryimage\",\"url\":\"https:\\\/\\\/prime.mc\\\/wp-content\\\/uploads\\\/2023\\\/11\\\/villa-copy-1024x564.jpg\",\"contentUrl\":\"https:\\\/\\\/prime.mc\\\/wp-content\\\/uploads\\\/2023\\\/11\\\/villa-copy-1024x564.jpg\"},{\"@type\":\"BreadcrumbList\",\"@id\":\"https:\\\/\\\/prime.mc\\\/fr\\\/off-market-fr\\\/#breadcrumb\",\"itemListElement\":[{\"@type\":\"ListItem\",\"position\":1,\"name\":\"Home\",\"item\":\"https:\\\/\\\/prime.mc\\\/fr\\\/accueil\\\/\"},{\"@type\":\"ListItem\",\"position\":2,\"name\":\"Off market\"}]},{\"@type\":\"WebSite\",\"@id\":\"https:\\\/\\\/prime.mc\\\/#website\",\"url\":\"https:\\\/\\\/prime.mc\\\/\",\"name\":\"Prime.mc\",\"description\":\"Monaco Relocation Specialists\",\"publisher\":{\"@id\":\"https:\\\/\\\/prime.mc\\\/#organization\"},\"potentialAction\":[{\"@type\":\"SearchAction\",\"target\":{\"@type\":\"EntryPoint\",\"urlTemplate\":\"https:\\\/\\\/prime.mc\\\/?s={search_term_string}\"},\"query-input\":{\"@type\":\"PropertyValueSpecification\",\"valueRequired\":true,\"valueName\":\"search_term_string\"}}],\"inLanguage\":\"fr-FR\"},{\"@type\":\"Organization\",\"@id\":\"https:\\\/\\\/prime.mc\\\/#organization\",\"name\":\"Prime.mc\",\"url\":\"https:\\\/\\\/prime.mc\\\/\",\"logo\":{\"@type\":\"ImageObject\",\"inLanguage\":\"fr-FR\",\"@id\":\"https:\\\/\\\/prime.mc\\\/#\\\/schema\\\/logo\\\/image\\\/\",\"url\":\"https:\\\/\\\/prime.mc\\\/wp-content\\\/uploads\\\/2023\\\/07\\\/prime-logo1-11-11.svg\",\"contentUrl\":\"https:\\\/\\\/prime.mc\\\/wp-content\\\/uploads\\\/2023\\\/07\\\/prime-logo1-11-11.svg\",\"width\":170,\"height\":104,\"caption\":\"Prime.mc\"},\"image\":{\"@id\":\"https:\\\/\\\/prime.mc\\\/#\\\/schema\\\/logo\\\/image\\\/\"},\"sameAs\":[\"https:\\\/\\\/www.instagram.com\\\/prime_estate_mc\\\/\",\"http:\\\/\\\/linkedin.com\\\/prime-group-monaco\"]}]}<\/script>\n<!-- \/ Yoast SEO plugin. -->","yoast_head_json":{"title":"Off market - Prime Estate","robots":{"index":"index","follow":"follow","max-snippet":"max-snippet:-1","max-image-preview":"max-image-preview:large","max-video-preview":"max-video-preview:-1"},"canonical":"https:\/\/prime.mc\/fr\/off-market-fr\/","og_locale":"fr_FR","og_type":"article","og_title":"Off market - Prime Estate","og_description":"NOS BIENS OFF-MARKET Ils sont nos secrets les mieux gard\u00e9s et m\u00e9ritent que nous nous rencontrions pour vous en d\u00e9voiler davantage. Featured VILLA AVEC VUE PANORAMIQUE SUR LA MER \u20ac4,200,000 Villa France Beds: 3 \u00e0 4 +350 m\u00b2 Featured APPARTEMENT ENTI\u00c8REMENT R\u00c9NOV\u00c9 + 10.000.000 Appartement Monaco Beds: 2 \u00e0 3 Featured SPACIEUX APPARTEMENT R\u00c9NOV\u00c9 Prix [&hellip;]","og_url":"https:\/\/prime.mc\/fr\/off-market-fr\/","og_site_name":"Prime Estate","article_modified_time":"2025-03-05T10:07:33+00:00","og_image":[{"url":"https:\/\/prime.mc\/wp-content\/uploads\/2023\/11\/villa-copy-1024x564.jpg","type":"","width":"","height":""}],"twitter_card":"summary_large_image","twitter_misc":{"Dur\u00e9e de lecture estim\u00e9e":"2 minutes"},"schema":{"@context":"https:\/\/schema.org","@graph":[{"@type":"WebPage","@id":"https:\/\/prime.mc\/fr\/off-market-fr\/","url":"https:\/\/prime.mc\/fr\/off-market-fr\/","name":"Off market - Prime Estate","isPartOf":{"@id":"https:\/\/prime.mc\/#website"},"primaryImageOfPage":{"@id":"https:\/\/prime.mc\/fr\/off-market-fr\/#primaryimage"},"image":{"@id":"https:\/\/prime.mc\/fr\/off-market-fr\/#primaryimage"},"thumbnailUrl":"https:\/\/prime.mc\/wp-content\/uploads\/2023\/11\/villa-copy-1024x564.jpg","datePublished":"2023-09-21T05:15:48+00:00","dateModified":"2025-03-05T10:07:33+00:00","breadcrumb":{"@id":"https:\/\/prime.mc\/fr\/off-market-fr\/#breadcrumb"},"inLanguage":"fr-FR","potentialAction":[{"@type":"ReadAction","target":["https:\/\/prime.mc\/fr\/off-market-fr\/"]}]},{"@type":"ImageObject","inLanguage":"fr-FR","@id":"https:\/\/prime.mc\/fr\/off-market-fr\/#primaryimage","url":"https:\/\/prime.mc\/wp-content\/uploads\/2023\/11\/villa-copy-1024x564.jpg","contentUrl":"https:\/\/prime.mc\/wp-content\/uploads\/2023\/11\/villa-copy-1024x564.jpg"},{"@type":"BreadcrumbList","@id":"https:\/\/prime.mc\/fr\/off-market-fr\/#breadcrumb","itemListElement":[{"@type":"ListItem","position":1,"name":"Home","item":"https:\/\/prime.mc\/fr\/accueil\/"},{"@type":"ListItem","position":2,"name":"Off market"}]},{"@type":"WebSite","@id":"https:\/\/prime.mc\/#website","url":"https:\/\/prime.mc\/","name":"Prime.mc","description":"Monaco Relocation Specialists","publisher":{"@id":"https:\/\/prime.mc\/#organization"},"potentialAction":[{"@type":"SearchAction","target":{"@type":"EntryPoint","urlTemplate":"https:\/\/prime.mc\/?s={search_term_string}"},"query-input":{"@type":"PropertyValueSpecification","valueRequired":true,"valueName":"search_term_string"}}],"inLanguage":"fr-FR"},{"@type":"Organization","@id":"https:\/\/prime.mc\/#organization","name":"Prime.mc","url":"https:\/\/prime.mc\/","logo":{"@type":"ImageObject","inLanguage":"fr-FR","@id":"https:\/\/prime.mc\/#\/schema\/logo\/image\/","url":"https:\/\/prime.mc\/wp-content\/uploads\/2023\/07\/prime-logo1-11-11.svg","contentUrl":"https:\/\/prime.mc\/wp-content\/uploads\/2023\/07\/prime-logo1-11-11.svg","width":170,"height":104,"caption":"Prime.mc"},"image":{"@id":"https:\/\/prime.mc\/#\/schema\/logo\/image\/"},"sameAs":["https:\/\/www.instagram.com\/prime_estate_mc\/","http:\/\/linkedin.com\/prime-group-monaco"]}]}},"_links":{"self":[{"href":"https:\/\/prime.mc\/fr\/wp-json\/wp\/v2\/pages\/59503","targetHints":{"allow":["GET"]}}],"collection":[{"href":"https:\/\/prime.mc\/fr\/wp-json\/wp\/v2\/pages"}],"about":[{"href":"https:\/\/prime.mc\/fr\/wp-json\/wp\/v2\/types\/page"}],"author":[{"embeddable":true,"href":"https:\/\/prime.mc\/fr\/wp-json\/wp\/v2\/users\/3"}],"replies":[{"embeddable":true,"href":"https:\/\/prime.mc\/fr\/wp-json\/wp\/v2\/comments?post=59503"}],"version-history":[{"count":0,"href":"https:\/\/prime.mc\/fr\/wp-json\/wp\/v2\/pages\/59503\/revisions"}],"wp:attachment":[{"href":"https:\/\/prime.mc\/fr\/wp-json\/wp\/v2\/media?parent=59503"}],"curies":[{"name":"wp","href":"https:\/\/api.w.org\/{rel}","templated":true}]}}