{"id":59514,"date":"2023-07-28T13:17:14","date_gmt":"2023-07-28T13:17:14","guid":{"rendered":"https:\/\/prime.dev.designcentre.mc\/famille-principale\/"},"modified":"2024-05-07T13:25:06","modified_gmt":"2024-05-07T13:25:06","slug":"famille-principale","status":"publish","type":"page","link":"https:\/\/prime.mc\/fr\/famille-principale\/","title":{"rendered":"Prime Family"},"content":{"rendered":"\t\t<div data-elementor-type=\"wp-page\" data-elementor-id=\"59514\" class=\"elementor elementor-59514 elementor-45650\" data-elementor-settings=\"{&quot;ha_cmc_init_switcher&quot;:&quot;no&quot;}\" data-elementor-post-type=\"page\">\n\t\t\t\t\t\t<section data-particle_enable=\"false\" data-particle-mobile-disabled=\"false\" class=\"elementor-section elementor-top-section elementor-element elementor-element-83e7361 elementor-section-boxed elementor-section-height-default elementor-section-height-default\" data-id=\"83e7361\" data-element_type=\"section\" data-e-type=\"section\" data-settings=\"{&quot;background_background&quot;:&quot;classic&quot;,&quot;_ha_eqh_enable&quot;:false}\">\n\t\t\t\t\t\t<div class=\"elementor-container elementor-column-gap-default\">\n\t\t\t\t\t<div class=\"elementor-column elementor-col-100 elementor-top-column elementor-element elementor-element-d8682d4\" data-id=\"d8682d4\" data-element_type=\"column\" data-e-type=\"column\">\n\t\t\t<div class=\"elementor-widget-wrap elementor-element-populated\">\n\t\t\t\t\t\t<div class=\"elementor-element elementor-element-f34992a elementor-widget__width-initial elementor-widget elementor-widget-image\" data-id=\"f34992a\" data-element_type=\"widget\" data-e-type=\"widget\" data-widget_type=\"image.default\">\n\t\t\t\t<div class=\"elementor-widget-container\">\n\t\t\t\t\t\t\t\t\t\t\t\t\t\t\t<img fetchpriority=\"high\" decoding=\"async\" width=\"2560\" height=\"1667\" src=\"https:\/\/prime.mc\/wp-content\/uploads\/2023\/08\/monaco-street-5th-copy-scaled.jpg\" class=\"attachment-full size-full wp-image-50883\" alt=\"\" srcset=\"https:\/\/prime.mc\/wp-content\/uploads\/2023\/08\/monaco-street-5th-copy-scaled.jpg 2560w, https:\/\/prime.mc\/wp-content\/uploads\/2023\/08\/monaco-street-5th-copy-300x195.jpg 300w, https:\/\/prime.mc\/wp-content\/uploads\/2023\/08\/monaco-street-5th-copy-1024x667.jpg 1024w, https:\/\/prime.mc\/wp-content\/uploads\/2023\/08\/monaco-street-5th-copy-768x500.jpg 768w, https:\/\/prime.mc\/wp-content\/uploads\/2023\/08\/monaco-street-5th-copy-1536x1000.jpg 1536w, https:\/\/prime.mc\/wp-content\/uploads\/2023\/08\/monaco-street-5th-copy-2048x1334.jpg 2048w, https:\/\/prime.mc\/wp-content\/uploads\/2023\/08\/monaco-street-5th-copy-921x600.jpg 921w, https:\/\/prime.mc\/wp-content\/uploads\/2023\/08\/monaco-street-5th-copy-496x323.jpg 496w\" sizes=\"(max-width: 2560px) 100vw, 2560px\" \/>\t\t\t\t\t\t\t\t\t\t\t\t\t\t\t<\/div>\n\t\t\t\t<\/div>\n\t\t\t\t<div class=\"elementor-element elementor-element-b9287a8 animated-slow elementor-widget__width-initial elementor-invisible elementor-widget elementor-widget-text-editor\" data-id=\"b9287a8\" data-element_type=\"widget\" data-e-type=\"widget\" data-settings=\"{&quot;_animation&quot;:&quot;fadeIn&quot;}\" data-widget_type=\"text-editor.default\">\n\t\t\t\t<div class=\"elementor-widget-container\">\n\t\t\t\t\t\t\t\t\t<p style=\"text-align: center;\">La recherche d&#8217;un logement \u00e0 Monaco est une \u00e9tape cl\u00e9 de votre installation mais notre \u00e9quipe vous accompagne bien au del\u00e0.<\/p>\n<p style=\"text-align: center;\">Notre exp\u00e9rience et notre r\u00e9seau nous permettent de vous guider dans toutes les t\u00e2ches administratives, qu&#8217;il s&#8217;agisse de vous aider \u00e0 trouver la bonne \u00e9cole pour vos enfants, de faciliter l&#8217;obtention de votre carte de s\u00e9jour ou de vous inscrire aupr\u00e8s de l&#8217;assurance maladie locale, nous sommes l\u00e0 pour vous aider.<\/p>\n\t\t\t\t\t\t\t\t<\/div>\n\t\t\t\t<\/div>\n\t\t\t\t<div class=\"elementor-element elementor-element-e6574e4 elementor-mobile-align-center elementor-align-center elementor-widget elementor-widget-button\" data-id=\"e6574e4\" data-element_type=\"widget\" data-e-type=\"widget\" data-widget_type=\"button.default\">\n\t\t\t\t<div class=\"elementor-widget-container\">\n\t\t\t\t\t\t\t\t\t<div class=\"elementor-button-wrapper\">\n\t\t\t\t\t<a class=\"elementor-button elementor-button-link elementor-size-sm\" href=\"#contacter\">\n\t\t\t\t\t\t<span class=\"elementor-button-content-wrapper\">\n\t\t\t\t\t\t\t\t\t<span class=\"elementor-button-text\">Contacter Prime Family<\/span>\n\t\t\t\t\t<\/span>\n\t\t\t\t\t<\/a>\n\t\t\t\t<\/div>\n\t\t\t\t\t\t\t\t<\/div>\n\t\t\t\t<\/div>\n\t\t\t\t\t<\/div>\n\t\t<\/div>\n\t\t\t\t\t<\/div>\n\t\t<\/section>\n\t\t\t\t<section data-particle_enable=\"false\" data-particle-mobile-disabled=\"false\" class=\"elementor-section elementor-top-section elementor-element elementor-element-6c43d6e elementor-section-boxed elementor-section-height-default elementor-section-height-default\" data-id=\"6c43d6e\" data-element_type=\"section\" data-e-type=\"section\" id=\"contact\" data-settings=\"{&quot;background_background&quot;:&quot;classic&quot;,&quot;_ha_eqh_enable&quot;:false}\">\n\t\t\t\t\t\t<div class=\"elementor-container elementor-column-gap-default\">\n\t\t\t\t\t<div class=\"elementor-column elementor-col-100 elementor-top-column elementor-element elementor-element-3172641\" data-id=\"3172641\" data-element_type=\"column\" data-e-type=\"column\" data-settings=\"{&quot;background_background&quot;:&quot;classic&quot;}\">\n\t\t\t<div class=\"elementor-widget-wrap elementor-element-populated\">\n\t\t\t\t\t\t<div class=\"elementor-element elementor-element-a444c7c animated-slow elementor-invisible elementor-widget elementor-widget-heading\" data-id=\"a444c7c\" data-element_type=\"widget\" data-e-type=\"widget\" data-settings=\"{&quot;_animation&quot;:&quot;fadeIn&quot;}\" data-widget_type=\"heading.default\">\n\t\t\t\t<div class=\"elementor-widget-container\">\n\t\t\t\t\t<h2 class=\"elementor-heading-title elementor-size-default\">Nous contacter<\/h2>\t\t\t\t<\/div>\n\t\t\t\t<\/div>\n\t\t\t\t<section data-particle_enable=\"false\" data-particle-mobile-disabled=\"false\" class=\"elementor-section elementor-inner-section elementor-element elementor-element-735c324 elementor-section-boxed elementor-section-height-default elementor-section-height-default\" data-id=\"735c324\" data-element_type=\"section\" data-e-type=\"section\" data-settings=\"{&quot;_ha_eqh_enable&quot;:false}\">\n\t\t\t\t\t\t<div class=\"elementor-container elementor-column-gap-default\">\n\t\t\t\t\t<div class=\"elementor-column elementor-col-50 elementor-inner-column elementor-element elementor-element-d4c89c4\" data-id=\"d4c89c4\" data-element_type=\"column\" data-e-type=\"column\">\n\t\t\t<div class=\"elementor-widget-wrap elementor-element-populated\">\n\t\t\t\t\t\t<div class=\"elementor-element elementor-element-171d2f4 animated-slow elementor-button-align-stretch ha-has-bg-overlay elementor-invisible elementor-widget elementor-widget-houzez_elementor_contact_form\" data-id=\"171d2f4\" data-element_type=\"widget\" data-e-type=\"widget\" data-settings=\"{&quot;_animation&quot;:&quot;fadeIn&quot;}\" data-widget_type=\"houzez_elementor_contact_form.default\">\n\t\t\t\t<div class=\"elementor-widget-container\">\n\t\t\t\t\t\n        <script type=\"application\/javascript\">\n            jQuery(document).bind(\"ready\", function () {\n                houzezValidateElementor(\"#houzez-form-171d2f4\" );\n            });\n        <\/script>\n\n        <form class=\"elementor-form\" id=\"houzez-form-171d2f4\" method=\"post\" name=\"Nouveau formulaire\" action=\"https:\/\/prime.mc\/wp-admin\/admin-ajax.php\">\n            <input type=\"hidden\" name=\"form_id\" value=\"171d2f4\"\/>\n            <input type=\"hidden\" name=\"houzez_contact_form\" value=\"yes\"\/>\n            <input type=\"hidden\" name=\"action\" value=\"houzez_ele_contact_form\" \/>\n            <input type=\"hidden\" name=\"source_link\" value=\"https:\/\/prime.mc\/fr\/famille-principale\/\" \/>\n            <input type=\"hidden\" name=\"lead_page_id\" value=\"59514\" \/>\n            <input type=\"hidden\" name=\"email_to\" value=\"info@prime.mc\" \/>\n            <input type=\"hidden\" name=\"email_subject\" value=\"New message from prime family\" \/>\n            <input type=\"hidden\" name=\"email_to_cc\" value=\"\" \/>\n            <input type=\"hidden\" name=\"email_to_bcc\" value=\"\" \/>\n            <input type=\"hidden\" name=\"webhook\" value=\"\" \/>\n            <input type=\"hidden\" name=\"webhook_url\" value=\"\" \/>\n            <input type=\"hidden\" name=\"redirect_to\" value=\"\" \/>\n            <input type=\"hidden\" name=\"google_recaptcha\" value=\"yes\" \/>\n            \n\n            <div class=\"elementor-form-fields-wrapper elementor-labels-above\">\n\n                                    <div class=\"elementor-field-group elementor-column form-group elementor-field-group-ba74d26 elementor-col-100 elementor-field-required\">\n                    <label for=\"form-field-ba74d26\" class=\"elementor-field-label elementor-screen-only\">Comment pouvons-nous vous aider ?<\/label>        <div class=\"elementor-field elementor-select-wrapper\">\n            <select name=\"user_type\" id=\"form-field-ba74d26\" class=\"elementor-field-textual form-control elementor-size-md\" required=\"required\" title=\"* Comment pouvons-nous vous aider ?\">\n                <option value=\"\">Comment pouvons-nous vous aider ?<\/option><option value=\"Real Estate Enquiry\">Real Estate Enquiry<\/option><option value=\"Legal Enquiry\">Legal Enquiry<\/option><option value=\"Family Office Enquiry\">Family Office Enquiry<\/option>            <\/select>\n        <\/div>\n                            <\/div>\n\n                                        <div class=\"elementor-field-group elementor-column form-group elementor-field-group-name elementor-col-50 elementor-field-required\">\n                    <label for=\"form-field-name\" class=\"elementor-field-label elementor-screen-only\">Nom<\/label><input type=\"text\" name=\"name\" id=\"form-field-name\" class=\"elementor-field form-control elementor-size-md elementor-field-textual\" placeholder=\"Nom\" title=\"* Nom\" required=\"required\">                    <\/div>\n\n                                        <div class=\"elementor-field-group elementor-column form-group elementor-field-group-ac2e031 elementor-col-50 elementor-field-required\">\n                    <label for=\"form-field-ac2e031\" class=\"elementor-field-label elementor-screen-only\">T\u00e9l\u00e9phone<\/label><input type=\"text\" name=\"mobile\" id=\"form-field-ac2e031\" class=\"elementor-field form-control elementor-size-md elementor-field-textual\" placeholder=\"T\u00e9l\u00e9phone\" title=\"* T\u00e9l\u00e9phone\" required=\"required\">                    <\/div>\n\n                                        <div class=\"elementor-field-group elementor-column form-group elementor-field-group-email elementor-col-100 elementor-field-required\">\n                    <label for=\"form-field-email\" class=\"elementor-field-label elementor-screen-only\">Email<\/label><input type=\"email\" name=\"email\" id=\"form-field-email\" class=\"elementor-field form-control elementor-size-md elementor-field-textual\" placeholder=\"Email\" title=\"* Email\" required=\"required\">                    <\/div>\n\n                                        <div class=\"elementor-field-group elementor-column form-group elementor-field-group-message elementor-col-100 elementor-field-required\">\n                    <label for=\"form-field-message\" class=\"elementor-field-label elementor-screen-only\">Message<\/label><textarea class=\"elementor-field-textual elementor-field elementor-size-md\" name=\"message\" id=\"form-field-message\" rows=\"4\" placeholder=\"En savoir plus\" required=\"required\" title=\"* Message\"><\/textarea>                    <\/div>\n\n                    \n                                        <div class=\"houzez-gdpr-agreement elementor-field-group elementor-col-100\">\n                        <label for=\"gdpr_agreement\" class=\"elementor-field-label\">Accord GDPR<\/label>\n                        <div class=\"gdpr-agreement-subgroup\">\n                            <span class=\"gdpr-field-option\">\n                                <label class=\"gdpr-text\" for=\"gdpr_agreement\">\n                                    <input required type=\"checkbox\" name=\"gdpr_agreement\" id=\"gdpr_agreement\" title=\"Merci de confirmer\">  Je consens \u00e0 ce que ce site sauveguarde les informations fournies.                                <\/label>\n                            <\/span>\n                        <\/div> \n                        \n                                                                     \n                        \n                        \n                    <\/div>\n                                        \n                   \n\n                                        <div class=\"\">\n                        <div class=\"form-group captcha_wrapper houzez-grecaptcha-v3\">\n    <div class=\"houzez_google_reCaptcha\"><\/div>\n<\/div>\n                    <\/div>\n                    \n                    <div class=\"elementor-field-group elementor-column elementor-field-type-submit elementor-col-100\">\n                    <button type=\"submit\" class=\"btn houzez-submit-button houzez-contact-form-js elementor-button elementor-size-md\">\n                        <i class=\"btn-loader houzez-loader-js\"><\/i>\n                                                    Envoyer                                            <\/button>\n                <\/div>\n            <\/div><!-- End wrapper-->\n            <br\/>\n            <div class=\"ele-form-messages\"><\/div>\n            <div class=\"error-container\"><\/div>\n\n        <\/form>\n\n    \t\t\t\t<\/div>\n\t\t\t\t<\/div>\n\t\t\t\t\t<\/div>\n\t\t<\/div>\n\t\t\t\t<div class=\"elementor-column elementor-col-50 elementor-inner-column elementor-element elementor-element-ec2a03e\" data-id=\"ec2a03e\" data-element_type=\"column\" data-e-type=\"column\" data-settings=\"{&quot;background_background&quot;:&quot;classic&quot;}\">\n\t\t\t<div class=\"elementor-widget-wrap elementor-element-populated\">\n\t\t\t\t\t\t<div class=\"elementor-element elementor-element-056ec7d elementor-widget elementor-widget-image\" data-id=\"056ec7d\" data-element_type=\"widget\" data-e-type=\"widget\" data-widget_type=\"image.default\">\n\t\t\t\t<div class=\"elementor-widget-container\">\n\t\t\t\t\t\t\t\t\t\t\t\t\t\t\t<img decoding=\"async\" width=\"1024\" height=\"682\" src=\"https:\/\/prime.mc\/wp-content\/uploads\/2023\/09\/casino-copy-1024x682.jpg\" class=\"attachment-large size-large wp-image-50898\" alt=\"\" srcset=\"https:\/\/prime.mc\/wp-content\/uploads\/2023\/09\/casino-copy-1024x682.jpg 1024w, https:\/\/prime.mc\/wp-content\/uploads\/2023\/09\/casino-copy-300x200.jpg 300w, https:\/\/prime.mc\/wp-content\/uploads\/2023\/09\/casino-copy-768x512.jpg 768w, https:\/\/prime.mc\/wp-content\/uploads\/2023\/09\/casino-copy-1536x1024.jpg 1536w, https:\/\/prime.mc\/wp-content\/uploads\/2023\/09\/casino-copy-900x600.jpg 900w, https:\/\/prime.mc\/wp-content\/uploads\/2023\/09\/casino-copy-496x331.jpg 496w, https:\/\/prime.mc\/wp-content\/uploads\/2023\/09\/casino-copy.jpg 2000w\" sizes=\"(max-width: 1024px) 100vw, 1024px\" \/>\t\t\t\t\t\t\t\t\t\t\t\t\t\t\t<\/div>\n\t\t\t\t<\/div>\n\t\t\t\t\t<\/div>\n\t\t<\/div>\n\t\t\t\t\t<\/div>\n\t\t<\/section>\n\t\t\t\t\t<\/div>\n\t\t<\/div>\n\t\t\t\t\t<\/div>\n\t\t<\/section>\n\t\t\t\t<\/div>\n\t\t","protected":false},"excerpt":{"rendered":"<p>La recherche d&#8217;un logement \u00e0 Monaco est une \u00e9tape cl\u00e9 de votre installation mais notre \u00e9quipe vous accompagne bien au del\u00e0. Notre exp\u00e9rience et notre r\u00e9seau nous permettent de vous guider dans toutes les t\u00e2ches administratives, qu&#8217;il s&#8217;agisse de vous aider \u00e0 trouver la bonne \u00e9cole pour vos enfants, de faciliter l&#8217;obtention de votre carte [&hellip;]<\/p>\n","protected":false},"author":3,"featured_media":0,"parent":0,"menu_order":15,"comment_status":"closed","ping_status":"closed","template":"template\/template-homepage.php","meta":{"footnotes":""},"class_list":["post-59514","page","type-page","status-publish","hentry"],"yoast_head":"<!-- This site is optimized with the Yoast SEO plugin v27.4 - https:\/\/yoast.com\/product\/yoast-seo-wordpress\/ -->\n<title>Prime Family - Prime Estate<\/title>\n<meta name=\"robots\" content=\"index, follow, max-snippet:-1, max-image-preview:large, max-video-preview:-1\" \/>\n<link rel=\"canonical\" href=\"https:\/\/prime.mc\/fr\/famille-principale\/\" \/>\n<meta property=\"og:locale\" content=\"fr_FR\" \/>\n<meta property=\"og:type\" content=\"article\" \/>\n<meta property=\"og:title\" content=\"Prime Family - Prime Estate\" \/>\n<meta property=\"og:description\" content=\"La recherche d&#8217;un logement \u00e0 Monaco est une \u00e9tape cl\u00e9 de votre installation mais notre \u00e9quipe vous accompagne bien au del\u00e0. Notre exp\u00e9rience et notre r\u00e9seau nous permettent de vous guider dans toutes les t\u00e2ches administratives, qu&#8217;il s&#8217;agisse de vous aider \u00e0 trouver la bonne \u00e9cole pour vos enfants, de faciliter l&#8217;obtention de votre carte [&hellip;]\" \/>\n<meta property=\"og:url\" content=\"https:\/\/prime.mc\/fr\/famille-principale\/\" \/>\n<meta property=\"og:site_name\" content=\"Prime Estate\" \/>\n<meta property=\"article:modified_time\" content=\"2024-05-07T13:25:06+00:00\" \/>\n<meta property=\"og:image\" content=\"https:\/\/prime.mc\/wp-content\/uploads\/2023\/08\/monaco-street-5th-copy-scaled.jpg\" \/>\n\t<meta property=\"og:image:width\" content=\"2560\" \/>\n\t<meta property=\"og:image:height\" content=\"1667\" \/>\n\t<meta property=\"og:image:type\" content=\"image\/jpeg\" \/>\n<meta name=\"twitter:card\" content=\"summary_large_image\" \/>\n<meta name=\"twitter:label1\" content=\"Dur\u00e9e de lecture estim\u00e9e\" \/>\n\t<meta name=\"twitter:data1\" content=\"1 minute\" \/>\n<script type=\"application\/ld+json\" class=\"yoast-schema-graph\">{\"@context\":\"https:\\\/\\\/schema.org\",\"@graph\":[{\"@type\":\"WebPage\",\"@id\":\"https:\\\/\\\/prime.mc\\\/fr\\\/famille-principale\\\/\",\"url\":\"https:\\\/\\\/prime.mc\\\/fr\\\/famille-principale\\\/\",\"name\":\"Prime Family - Prime Estate\",\"isPartOf\":{\"@id\":\"https:\\\/\\\/prime.mc\\\/#website\"},\"primaryImageOfPage\":{\"@id\":\"https:\\\/\\\/prime.mc\\\/fr\\\/famille-principale\\\/#primaryimage\"},\"image\":{\"@id\":\"https:\\\/\\\/prime.mc\\\/fr\\\/famille-principale\\\/#primaryimage\"},\"thumbnailUrl\":\"https:\\\/\\\/prime.mc\\\/wp-content\\\/uploads\\\/2023\\\/08\\\/monaco-street-5th-copy-scaled.jpg\",\"datePublished\":\"2023-07-28T13:17:14+00:00\",\"dateModified\":\"2024-05-07T13:25:06+00:00\",\"breadcrumb\":{\"@id\":\"https:\\\/\\\/prime.mc\\\/fr\\\/famille-principale\\\/#breadcrumb\"},\"inLanguage\":\"fr-FR\",\"potentialAction\":[{\"@type\":\"ReadAction\",\"target\":[\"https:\\\/\\\/prime.mc\\\/fr\\\/famille-principale\\\/\"]}]},{\"@type\":\"ImageObject\",\"inLanguage\":\"fr-FR\",\"@id\":\"https:\\\/\\\/prime.mc\\\/fr\\\/famille-principale\\\/#primaryimage\",\"url\":\"https:\\\/\\\/prime.mc\\\/wp-content\\\/uploads\\\/2023\\\/08\\\/monaco-street-5th-copy-scaled.jpg\",\"contentUrl\":\"https:\\\/\\\/prime.mc\\\/wp-content\\\/uploads\\\/2023\\\/08\\\/monaco-street-5th-copy-scaled.jpg\"},{\"@type\":\"BreadcrumbList\",\"@id\":\"https:\\\/\\\/prime.mc\\\/fr\\\/famille-principale\\\/#breadcrumb\",\"itemListElement\":[{\"@type\":\"ListItem\",\"position\":1,\"name\":\"Home\",\"item\":\"https:\\\/\\\/prime.mc\\\/fr\\\/accueil\\\/\"},{\"@type\":\"ListItem\",\"position\":2,\"name\":\"Prime Family\"}]},{\"@type\":\"WebSite\",\"@id\":\"https:\\\/\\\/prime.mc\\\/#website\",\"url\":\"https:\\\/\\\/prime.mc\\\/\",\"name\":\"Prime.mc\",\"description\":\"Monaco Relocation Specialists\",\"publisher\":{\"@id\":\"https:\\\/\\\/prime.mc\\\/#organization\"},\"potentialAction\":[{\"@type\":\"SearchAction\",\"target\":{\"@type\":\"EntryPoint\",\"urlTemplate\":\"https:\\\/\\\/prime.mc\\\/?s={search_term_string}\"},\"query-input\":{\"@type\":\"PropertyValueSpecification\",\"valueRequired\":true,\"valueName\":\"search_term_string\"}}],\"inLanguage\":\"fr-FR\"},{\"@type\":\"Organization\",\"@id\":\"https:\\\/\\\/prime.mc\\\/#organization\",\"name\":\"Prime.mc\",\"url\":\"https:\\\/\\\/prime.mc\\\/\",\"logo\":{\"@type\":\"ImageObject\",\"inLanguage\":\"fr-FR\",\"@id\":\"https:\\\/\\\/prime.mc\\\/#\\\/schema\\\/logo\\\/image\\\/\",\"url\":\"https:\\\/\\\/prime.mc\\\/wp-content\\\/uploads\\\/2023\\\/07\\\/prime-logo1-11-11.svg\",\"contentUrl\":\"https:\\\/\\\/prime.mc\\\/wp-content\\\/uploads\\\/2023\\\/07\\\/prime-logo1-11-11.svg\",\"width\":170,\"height\":104,\"caption\":\"Prime.mc\"},\"image\":{\"@id\":\"https:\\\/\\\/prime.mc\\\/#\\\/schema\\\/logo\\\/image\\\/\"},\"sameAs\":[\"https:\\\/\\\/www.instagram.com\\\/prime_estate_mc\\\/\",\"http:\\\/\\\/linkedin.com\\\/prime-group-monaco\"]}]}<\/script>\n<!-- \/ Yoast SEO plugin. -->","yoast_head_json":{"title":"Prime Family - Prime Estate","robots":{"index":"index","follow":"follow","max-snippet":"max-snippet:-1","max-image-preview":"max-image-preview:large","max-video-preview":"max-video-preview:-1"},"canonical":"https:\/\/prime.mc\/fr\/famille-principale\/","og_locale":"fr_FR","og_type":"article","og_title":"Prime Family - Prime Estate","og_description":"La recherche d&#8217;un logement \u00e0 Monaco est une \u00e9tape cl\u00e9 de votre installation mais notre \u00e9quipe vous accompagne bien au del\u00e0. Notre exp\u00e9rience et notre r\u00e9seau nous permettent de vous guider dans toutes les t\u00e2ches administratives, qu&#8217;il s&#8217;agisse de vous aider \u00e0 trouver la bonne \u00e9cole pour vos enfants, de faciliter l&#8217;obtention de votre carte [&hellip;]","og_url":"https:\/\/prime.mc\/fr\/famille-principale\/","og_site_name":"Prime Estate","article_modified_time":"2024-05-07T13:25:06+00:00","og_image":[{"width":2560,"height":1667,"url":"https:\/\/prime.mc\/wp-content\/uploads\/2023\/08\/monaco-street-5th-copy-scaled.jpg","type":"image\/jpeg"}],"twitter_card":"summary_large_image","twitter_misc":{"Dur\u00e9e de lecture estim\u00e9e":"1 minute"},"schema":{"@context":"https:\/\/schema.org","@graph":[{"@type":"WebPage","@id":"https:\/\/prime.mc\/fr\/famille-principale\/","url":"https:\/\/prime.mc\/fr\/famille-principale\/","name":"Prime Family - Prime Estate","isPartOf":{"@id":"https:\/\/prime.mc\/#website"},"primaryImageOfPage":{"@id":"https:\/\/prime.mc\/fr\/famille-principale\/#primaryimage"},"image":{"@id":"https:\/\/prime.mc\/fr\/famille-principale\/#primaryimage"},"thumbnailUrl":"https:\/\/prime.mc\/wp-content\/uploads\/2023\/08\/monaco-street-5th-copy-scaled.jpg","datePublished":"2023-07-28T13:17:14+00:00","dateModified":"2024-05-07T13:25:06+00:00","breadcrumb":{"@id":"https:\/\/prime.mc\/fr\/famille-principale\/#breadcrumb"},"inLanguage":"fr-FR","potentialAction":[{"@type":"ReadAction","target":["https:\/\/prime.mc\/fr\/famille-principale\/"]}]},{"@type":"ImageObject","inLanguage":"fr-FR","@id":"https:\/\/prime.mc\/fr\/famille-principale\/#primaryimage","url":"https:\/\/prime.mc\/wp-content\/uploads\/2023\/08\/monaco-street-5th-copy-scaled.jpg","contentUrl":"https:\/\/prime.mc\/wp-content\/uploads\/2023\/08\/monaco-street-5th-copy-scaled.jpg"},{"@type":"BreadcrumbList","@id":"https:\/\/prime.mc\/fr\/famille-principale\/#breadcrumb","itemListElement":[{"@type":"ListItem","position":1,"name":"Home","item":"https:\/\/prime.mc\/fr\/accueil\/"},{"@type":"ListItem","position":2,"name":"Prime Family"}]},{"@type":"WebSite","@id":"https:\/\/prime.mc\/#website","url":"https:\/\/prime.mc\/","name":"Prime.mc","description":"Monaco Relocation Specialists","publisher":{"@id":"https:\/\/prime.mc\/#organization"},"potentialAction":[{"@type":"SearchAction","target":{"@type":"EntryPoint","urlTemplate":"https:\/\/prime.mc\/?s={search_term_string}"},"query-input":{"@type":"PropertyValueSpecification","valueRequired":true,"valueName":"search_term_string"}}],"inLanguage":"fr-FR"},{"@type":"Organization","@id":"https:\/\/prime.mc\/#organization","name":"Prime.mc","url":"https:\/\/prime.mc\/","logo":{"@type":"ImageObject","inLanguage":"fr-FR","@id":"https:\/\/prime.mc\/#\/schema\/logo\/image\/","url":"https:\/\/prime.mc\/wp-content\/uploads\/2023\/07\/prime-logo1-11-11.svg","contentUrl":"https:\/\/prime.mc\/wp-content\/uploads\/2023\/07\/prime-logo1-11-11.svg","width":170,"height":104,"caption":"Prime.mc"},"image":{"@id":"https:\/\/prime.mc\/#\/schema\/logo\/image\/"},"sameAs":["https:\/\/www.instagram.com\/prime_estate_mc\/","http:\/\/linkedin.com\/prime-group-monaco"]}]}},"_links":{"self":[{"href":"https:\/\/prime.mc\/fr\/wp-json\/wp\/v2\/pages\/59514","targetHints":{"allow":["GET"]}}],"collection":[{"href":"https:\/\/prime.mc\/fr\/wp-json\/wp\/v2\/pages"}],"about":[{"href":"https:\/\/prime.mc\/fr\/wp-json\/wp\/v2\/types\/page"}],"author":[{"embeddable":true,"href":"https:\/\/prime.mc\/fr\/wp-json\/wp\/v2\/users\/3"}],"replies":[{"embeddable":true,"href":"https:\/\/prime.mc\/fr\/wp-json\/wp\/v2\/comments?post=59514"}],"version-history":[{"count":0,"href":"https:\/\/prime.mc\/fr\/wp-json\/wp\/v2\/pages\/59514\/revisions"}],"wp:attachment":[{"href":"https:\/\/prime.mc\/fr\/wp-json\/wp\/v2\/media?parent=59514"}],"curies":[{"name":"wp","href":"https:\/\/api.w.org\/{rel}","templated":true}]}}