{"id":59516,"date":"2023-07-28T12:12:21","date_gmt":"2023-07-28T12:12:21","guid":{"rendered":"https:\/\/prime.dev.designcentre.mc\/droit-primaire\/"},"modified":"2026-02-12T10:19:31","modified_gmt":"2026-02-12T10:19:31","slug":"droit-primaire","status":"publish","type":"page","link":"https:\/\/prime.mc\/fr\/droit-primaire\/","title":{"rendered":"Prime Law"},"content":{"rendered":"\t\t<div data-elementor-type=\"wp-page\" data-elementor-id=\"59516\" class=\"elementor elementor-59516 elementor-45622\" data-elementor-settings=\"{&quot;ha_cmc_init_switcher&quot;:&quot;no&quot;}\" data-elementor-post-type=\"page\">\n\t\t\t\t\t\t<section data-particle_enable=\"false\" data-particle-mobile-disabled=\"false\" class=\"elementor-section elementor-top-section elementor-element elementor-element-7711d3e elementor-reverse-mobile elementor-section-boxed elementor-section-height-default elementor-section-height-default elementor-invisible\" data-id=\"7711d3e\" data-element_type=\"section\" data-e-type=\"section\" data-settings=\"{&quot;background_background&quot;:&quot;classic&quot;,&quot;animation&quot;:&quot;fadeIn&quot;,&quot;_ha_eqh_enable&quot;:false}\">\n\t\t\t\t\t\t<div class=\"elementor-container elementor-column-gap-no\">\n\t\t\t\t\t<div class=\"elementor-column elementor-col-100 elementor-top-column elementor-element elementor-element-562274c\" data-id=\"562274c\" data-element_type=\"column\" data-e-type=\"column\" data-settings=\"{&quot;background_background&quot;:&quot;classic&quot;}\">\n\t\t\t<div class=\"elementor-widget-wrap elementor-element-populated\">\n\t\t\t\t\t\t<div class=\"elementor-element elementor-element-86d8ade elementor-widget__width-initial elementor-widget elementor-widget-image\" data-id=\"86d8ade\" data-element_type=\"widget\" data-e-type=\"widget\" data-widget_type=\"image.default\">\n\t\t\t\t<div class=\"elementor-widget-container\">\n\t\t\t\t\t\t\t\t\t\t\t\t\t\t\t<img fetchpriority=\"high\" decoding=\"async\" width=\"2560\" height=\"1374\" src=\"https:\/\/prime.mc\/wp-content\/uploads\/2023\/09\/casinoshopping-copy-2-scaled.jpg\" class=\"attachment-full size-full wp-image-50915\" alt=\"\" srcset=\"https:\/\/prime.mc\/wp-content\/uploads\/2023\/09\/casinoshopping-copy-2-scaled.jpg 2560w, https:\/\/prime.mc\/wp-content\/uploads\/2023\/09\/casinoshopping-copy-2-300x161.jpg 300w, https:\/\/prime.mc\/wp-content\/uploads\/2023\/09\/casinoshopping-copy-2-1024x550.jpg 1024w, https:\/\/prime.mc\/wp-content\/uploads\/2023\/09\/casinoshopping-copy-2-768x412.jpg 768w, https:\/\/prime.mc\/wp-content\/uploads\/2023\/09\/casinoshopping-copy-2-1536x824.jpg 1536w, https:\/\/prime.mc\/wp-content\/uploads\/2023\/09\/casinoshopping-copy-2-2048x1099.jpg 2048w, https:\/\/prime.mc\/wp-content\/uploads\/2023\/09\/casinoshopping-copy-2-1118x600.jpg 1118w, https:\/\/prime.mc\/wp-content\/uploads\/2023\/09\/casinoshopping-copy-2-496x266.jpg 496w\" sizes=\"(max-width: 2560px) 100vw, 2560px\" \/>\t\t\t\t\t\t\t\t\t\t\t\t\t\t\t<\/div>\n\t\t\t\t<\/div>\n\t\t\t\t<div class=\"elementor-element elementor-element-fe6d736 animated-slow elementor-widget__width-initial elementor-invisible elementor-widget elementor-widget-text-editor\" data-id=\"fe6d736\" data-element_type=\"widget\" data-e-type=\"widget\" data-settings=\"{&quot;_animation&quot;:&quot;fadeIn&quot;}\" data-widget_type=\"text-editor.default\">\n\t\t\t\t<div class=\"elementor-widget-container\">\n\t\t\t\t\t\t\t\t\t<p style=\"text-align: center\"><span style=\"color: var( --e-global-color-b2b6bf4 );font-size: 1em\">Fond\u00e9e en 2007 et sp\u00e9cialis\u00e9e dans le droit priv\u00e9, notre soci\u00e9t\u00e9 de conseil juridique&nbsp;<\/span><span style=\"color: var( --e-global-color-b2b6bf4 );font-size: 1em\">accompagne les individus et les soci\u00e9t\u00e9s dans la r\u00e9alisation de leurs projets, en Principaut\u00e9 et au del\u00e0.&nbsp;<\/span><\/p>\t\t\t\t\t\t\t\t<\/div>\n\t\t\t\t<\/div>\n\t\t\t\t<div class=\"elementor-element elementor-element-14695b8 elementor-mobile-align-center elementor-align-center elementor-widget elementor-widget-button\" data-id=\"14695b8\" data-element_type=\"widget\" data-e-type=\"widget\" data-widget_type=\"button.default\">\n\t\t\t\t<div class=\"elementor-widget-container\">\n\t\t\t\t\t\t\t\t\t<div class=\"elementor-button-wrapper\">\n\t\t\t\t\t<a class=\"elementor-button elementor-button-link elementor-size-sm\" href=\"#contacter\">\n\t\t\t\t\t\t<span class=\"elementor-button-content-wrapper\">\n\t\t\t\t\t\t\t\t\t<span class=\"elementor-button-text\">Contacter Prime Law<\/span>\n\t\t\t\t\t<\/span>\n\t\t\t\t\t<\/a>\n\t\t\t\t<\/div>\n\t\t\t\t\t\t\t\t<\/div>\n\t\t\t\t<\/div>\n\t\t\t\t\t<\/div>\n\t\t<\/div>\n\t\t\t\t\t<\/div>\n\t\t<\/section>\n\t\t\t\t<section data-particle_enable=\"false\" data-particle-mobile-disabled=\"false\" class=\"elementor-section elementor-top-section elementor-element elementor-element-6c43d6e elementor-section-boxed elementor-section-height-default elementor-section-height-default\" data-id=\"6c43d6e\" data-element_type=\"section\" data-e-type=\"section\" id=\"contact\" data-settings=\"{&quot;background_background&quot;:&quot;classic&quot;,&quot;_ha_eqh_enable&quot;:false}\">\n\t\t\t\t\t\t<div class=\"elementor-container elementor-column-gap-default\">\n\t\t\t\t\t<div class=\"elementor-column elementor-col-100 elementor-top-column elementor-element elementor-element-3172641\" data-id=\"3172641\" data-element_type=\"column\" data-e-type=\"column\" data-settings=\"{&quot;background_background&quot;:&quot;classic&quot;}\">\n\t\t\t<div class=\"elementor-widget-wrap elementor-element-populated\">\n\t\t\t\t\t\t<div class=\"elementor-element elementor-element-a444c7c animated-slow elementor-invisible elementor-widget elementor-widget-heading\" data-id=\"a444c7c\" data-element_type=\"widget\" data-e-type=\"widget\" data-settings=\"{&quot;_animation&quot;:&quot;fadeIn&quot;}\" data-widget_type=\"heading.default\">\n\t\t\t\t<div class=\"elementor-widget-container\">\n\t\t\t\t\t<h2 class=\"elementor-heading-title elementor-size-default\">Nous contacter<\/h2>\t\t\t\t<\/div>\n\t\t\t\t<\/div>\n\t\t\t\t<section data-particle_enable=\"false\" data-particle-mobile-disabled=\"false\" class=\"elementor-section elementor-inner-section elementor-element elementor-element-735c324 elementor-section-boxed elementor-section-height-default elementor-section-height-default\" data-id=\"735c324\" data-element_type=\"section\" data-e-type=\"section\" data-settings=\"{&quot;_ha_eqh_enable&quot;:false}\">\n\t\t\t\t\t\t<div class=\"elementor-container elementor-column-gap-default\">\n\t\t\t\t\t<div class=\"elementor-column elementor-col-50 elementor-inner-column elementor-element elementor-element-d4c89c4\" data-id=\"d4c89c4\" data-element_type=\"column\" data-e-type=\"column\">\n\t\t\t<div class=\"elementor-widget-wrap elementor-element-populated\">\n\t\t\t\t\t\t<div class=\"elementor-element elementor-element-171d2f4 animated-slow elementor-button-align-stretch ha-has-bg-overlay elementor-invisible elementor-widget elementor-widget-houzez_elementor_contact_form\" data-id=\"171d2f4\" data-element_type=\"widget\" data-e-type=\"widget\" data-settings=\"{&quot;_animation&quot;:&quot;fadeIn&quot;}\" data-widget_type=\"houzez_elementor_contact_form.default\">\n\t\t\t\t<div class=\"elementor-widget-container\">\n\t\t\t\t\t\n        <script type=\"application\/javascript\">\n            jQuery(document).bind(\"ready\", function () {\n                houzezValidateElementor(\"#houzez-form-171d2f4\" );\n            });\n        <\/script>\n\n        <form class=\"elementor-form\" id=\"houzez-form-171d2f4\" method=\"post\" name=\"Nouveau formulaire\" action=\"https:\/\/prime.mc\/wp-admin\/admin-ajax.php\">\n            <input type=\"hidden\" name=\"form_id\" value=\"171d2f4\"\/>\n            <input type=\"hidden\" name=\"houzez_contact_form\" value=\"yes\"\/>\n            <input type=\"hidden\" name=\"action\" value=\"houzez_ele_contact_form\" \/>\n            <input type=\"hidden\" name=\"source_link\" value=\"https:\/\/prime.mc\/fr\/droit-primaire\/\" \/>\n            <input type=\"hidden\" name=\"lead_page_id\" value=\"59516\" \/>\n            <input type=\"hidden\" name=\"email_to\" value=\"info@prime.mc \" \/>\n            <input type=\"hidden\" name=\"email_subject\" value=\"New message from prime law\" \/>\n            <input type=\"hidden\" name=\"email_to_cc\" value=\"\" \/>\n            <input type=\"hidden\" name=\"email_to_bcc\" value=\"\" \/>\n            <input type=\"hidden\" name=\"webhook\" value=\"\" \/>\n            <input type=\"hidden\" name=\"webhook_url\" value=\"\" \/>\n            <input type=\"hidden\" name=\"redirect_to\" value=\"\" \/>\n            <input type=\"hidden\" name=\"google_recaptcha\" value=\"yes\" \/>\n            \n\n            <div class=\"elementor-form-fields-wrapper elementor-labels-above\">\n\n                                    <div class=\"elementor-field-group elementor-column form-group elementor-field-group-name elementor-col-50 elementor-field-required\">\n                    <label for=\"form-field-name\" class=\"elementor-field-label elementor-screen-only\">Nom<\/label><input type=\"text\" name=\"name\" id=\"form-field-name\" class=\"elementor-field form-control elementor-size-md elementor-field-textual\" placeholder=\"Nom\" title=\"* Nom\" required=\"required\">                    <\/div>\n\n                                        <div class=\"elementor-field-group elementor-column form-group elementor-field-group-ac2e031 elementor-col-50 elementor-field-required\">\n                    <label for=\"form-field-ac2e031\" class=\"elementor-field-label elementor-screen-only\">T\u00e9l\u00e9phone<\/label><input type=\"text\" name=\"mobile\" id=\"form-field-ac2e031\" class=\"elementor-field form-control elementor-size-md elementor-field-textual\" placeholder=\"T\u00e9l\u00e9phone\" title=\"* T\u00e9l\u00e9phone\" required=\"required\">                    <\/div>\n\n                                        <div class=\"elementor-field-group elementor-column form-group elementor-field-group-email elementor-col-100 elementor-field-required\">\n                    <label for=\"form-field-email\" class=\"elementor-field-label elementor-screen-only\">Email<\/label><input type=\"email\" name=\"email\" id=\"form-field-email\" class=\"elementor-field form-control elementor-size-md elementor-field-textual\" placeholder=\"Email\" title=\"* Email\" required=\"required\">                    <\/div>\n\n                                        <div class=\"elementor-field-group elementor-column form-group elementor-field-group-message elementor-col-100 elementor-field-required\">\n                    <label for=\"form-field-message\" class=\"elementor-field-label elementor-screen-only\">Message<\/label><textarea class=\"elementor-field-textual elementor-field elementor-size-md\" name=\"message\" id=\"form-field-message\" rows=\"4\" placeholder=\"En savoir plus\" required=\"required\" title=\"* Message\"><\/textarea>                    <\/div>\n\n                    \n                                        <div class=\"houzez-gdpr-agreement elementor-field-group elementor-col-100\">\n                        <label for=\"gdpr_agreement\" class=\"elementor-field-label\">Accord GDPR<\/label>\n                        <div class=\"gdpr-agreement-subgroup\">\n                            <span class=\"gdpr-field-option\">\n                                <label class=\"gdpr-text\" for=\"gdpr_agreement\">\n                                    <input required type=\"checkbox\" name=\"gdpr_agreement\" id=\"gdpr_agreement\" title=\"Merci de confirmer\">  Je consens \u00e0 ce que ce site web sauveguarde les informations fournies.                                <\/label>\n                            <\/span>\n                        <\/div> \n                        \n                                                                     \n                        \n                        \n                    <\/div>\n                                        \n                   \n\n                                        <div class=\"\">\n                        <div class=\"form-group captcha_wrapper houzez-grecaptcha-v3\">\n    <div class=\"houzez_google_reCaptcha\"><\/div>\n<\/div>\n                    <\/div>\n                    \n                    <div class=\"elementor-field-group elementor-column elementor-field-type-submit elementor-col-100\">\n                    <button type=\"submit\" class=\"btn houzez-submit-button houzez-contact-form-js elementor-button elementor-size-md\">\n                        <i class=\"btn-loader houzez-loader-js\"><\/i>\n                                                    Envoyer                                            <\/button>\n                <\/div>\n            <\/div><!-- End wrapper-->\n            <br\/>\n            <div class=\"ele-form-messages\"><\/div>\n            <div class=\"error-container\"><\/div>\n\n        <\/form>\n\n    \t\t\t\t<\/div>\n\t\t\t\t<\/div>\n\t\t\t\t\t<\/div>\n\t\t<\/div>\n\t\t\t\t<div class=\"elementor-column elementor-col-50 elementor-inner-column elementor-element elementor-element-ec2a03e\" data-id=\"ec2a03e\" data-element_type=\"column\" data-e-type=\"column\" data-settings=\"{&quot;background_background&quot;:&quot;classic&quot;}\">\n\t\t\t<div class=\"elementor-widget-wrap elementor-element-populated\">\n\t\t\t\t\t\t<div class=\"elementor-element elementor-element-05cd72e elementor-widget elementor-widget-image\" data-id=\"05cd72e\" data-element_type=\"widget\" data-e-type=\"widget\" data-widget_type=\"image.default\">\n\t\t\t\t<div class=\"elementor-widget-container\">\n\t\t\t\t\t\t\t\t\t\t\t\t\t\t\t<img decoding=\"async\" width=\"978\" height=\"1024\" src=\"https:\/\/prime.mc\/wp-content\/uploads\/2023\/08\/bookcase-copy-1-978x1024.jpg\" class=\"attachment-large size-large wp-image-50866\" alt=\"\" srcset=\"https:\/\/prime.mc\/wp-content\/uploads\/2023\/08\/bookcase-copy-1-978x1024.jpg 978w, https:\/\/prime.mc\/wp-content\/uploads\/2023\/08\/bookcase-copy-1-287x300.jpg 287w, https:\/\/prime.mc\/wp-content\/uploads\/2023\/08\/bookcase-copy-1-768x804.jpg 768w, https:\/\/prime.mc\/wp-content\/uploads\/2023\/08\/bookcase-copy-1-1467x1536.jpg 1467w, https:\/\/prime.mc\/wp-content\/uploads\/2023\/08\/bookcase-copy-1-1957x2048.jpg 1957w, https:\/\/prime.mc\/wp-content\/uploads\/2023\/08\/bookcase-copy-1-573x600.jpg 573w, https:\/\/prime.mc\/wp-content\/uploads\/2023\/08\/bookcase-copy-1-496x519.jpg 496w\" sizes=\"(max-width: 978px) 100vw, 978px\" \/>\t\t\t\t\t\t\t\t\t\t\t\t\t\t\t<\/div>\n\t\t\t\t<\/div>\n\t\t\t\t\t<\/div>\n\t\t<\/div>\n\t\t\t\t\t<\/div>\n\t\t<\/section>\n\t\t\t\t\t<\/div>\n\t\t<\/div>\n\t\t\t\t\t<\/div>\n\t\t<\/section>\n\t\t\t\t<\/div>\n\t\t","protected":false},"excerpt":{"rendered":"<p>\/*! elementor &#8211; v3.19.0 &#8211; 07-02-2024 *\/ .elementor-widget-image{text-align:center}.elementor-widget-image a{display:inline-block}.elementor-widget-image a img[src$=&#8221;.svg&#8221;]{width:48px}.elementor-widget-image img{vertical-align:middle;display:inline-block} Fond\u00e9e en 2007 et sp\u00e9cialis\u00e9e dans le droit priv\u00e9, notre soci\u00e9t\u00e9 de conseil juridique&nbsp;accompagne les individus et les soci\u00e9t\u00e9s dans la r\u00e9alisation de leurs projets, en Principaut\u00e9 et au del\u00e0.&nbsp; Contacter Prime Law \/*! elementor &#8211; v3.19.0 &#8211; 07-02-2024 *\/ .elementor-heading-title{padding:0;margin:0;line-height:1}.elementor-widget-heading .elementor-heading-title[class*=elementor-size-]&gt;a{color:inherit;font-size:inherit;line-height:inherit}.elementor-widget-heading .elementor-heading-title.elementor-size-small{font-size:15px}.elementor-widget-heading [&hellip;]<\/p>\n","protected":false},"author":3,"featured_media":0,"parent":0,"menu_order":16,"comment_status":"closed","ping_status":"closed","template":"template\/template-homepage.php","meta":{"footnotes":""},"class_list":["post-59516","page","type-page","status-publish","hentry"],"yoast_head":"<!-- This site is optimized with the Yoast SEO plugin v27.3 - https:\/\/yoast.com\/product\/yoast-seo-wordpress\/ -->\n<title>Prime Law - Prime Estate<\/title>\n<meta name=\"robots\" content=\"index, follow, max-snippet:-1, max-image-preview:large, max-video-preview:-1\" \/>\n<link rel=\"canonical\" href=\"https:\/\/prime.mc\/fr\/droit-primaire\/\" \/>\n<meta property=\"og:locale\" content=\"fr_FR\" \/>\n<meta property=\"og:type\" content=\"article\" \/>\n<meta property=\"og:title\" content=\"Prime Law - Prime Estate\" \/>\n<meta property=\"og:description\" content=\"\/*! elementor &#8211; v3.19.0 &#8211; 07-02-2024 *\/ .elementor-widget-image{text-align:center}.elementor-widget-image a{display:inline-block}.elementor-widget-image a img[src$=&#8221;.svg&#8221;]{width:48px}.elementor-widget-image img{vertical-align:middle;display:inline-block} Fond\u00e9e en 2007 et sp\u00e9cialis\u00e9e dans le droit priv\u00e9, notre soci\u00e9t\u00e9 de conseil juridique&nbsp;accompagne les individus et les soci\u00e9t\u00e9s dans la r\u00e9alisation de leurs projets, en Principaut\u00e9 et au del\u00e0.&nbsp; Contacter Prime Law \/*! elementor &#8211; v3.19.0 &#8211; 07-02-2024 *\/ .elementor-heading-title{padding:0;margin:0;line-height:1}.elementor-widget-heading .elementor-heading-title[class*=elementor-size-]&gt;a{color:inherit;font-size:inherit;line-height:inherit}.elementor-widget-heading .elementor-heading-title.elementor-size-small{font-size:15px}.elementor-widget-heading [&hellip;]\" \/>\n<meta property=\"og:url\" content=\"https:\/\/prime.mc\/fr\/droit-primaire\/\" \/>\n<meta property=\"og:site_name\" content=\"Prime Estate\" \/>\n<meta property=\"article:modified_time\" content=\"2026-02-12T10:19:31+00:00\" \/>\n<meta property=\"og:image\" content=\"https:\/\/prime.mc\/wp-content\/uploads\/2023\/09\/casinoshopping-copy-2-1024x550.jpg\" \/>\n\t<meta property=\"og:image:width\" content=\"1024\" \/>\n\t<meta property=\"og:image:height\" content=\"550\" \/>\n\t<meta property=\"og:image:type\" content=\"image\/jpeg\" \/>\n<meta name=\"twitter:card\" content=\"summary_large_image\" \/>\n<meta name=\"twitter:label1\" content=\"Dur\u00e9e de lecture estim\u00e9e\" \/>\n\t<meta name=\"twitter:data1\" content=\"1 minute\" \/>\n<script type=\"application\/ld+json\" class=\"yoast-schema-graph\">{\"@context\":\"https:\\\/\\\/schema.org\",\"@graph\":[{\"@type\":\"WebPage\",\"@id\":\"https:\\\/\\\/prime.mc\\\/fr\\\/droit-primaire\\\/\",\"url\":\"https:\\\/\\\/prime.mc\\\/fr\\\/droit-primaire\\\/\",\"name\":\"Prime Law - Prime Estate\",\"isPartOf\":{\"@id\":\"https:\\\/\\\/prime.mc\\\/#website\"},\"primaryImageOfPage\":{\"@id\":\"https:\\\/\\\/prime.mc\\\/fr\\\/droit-primaire\\\/#primaryimage\"},\"image\":{\"@id\":\"https:\\\/\\\/prime.mc\\\/fr\\\/droit-primaire\\\/#primaryimage\"},\"thumbnailUrl\":\"https:\\\/\\\/prime.mc\\\/wp-content\\\/uploads\\\/2023\\\/09\\\/casinoshopping-copy-2-scaled.jpg\",\"datePublished\":\"2023-07-28T12:12:21+00:00\",\"dateModified\":\"2026-02-12T10:19:31+00:00\",\"breadcrumb\":{\"@id\":\"https:\\\/\\\/prime.mc\\\/fr\\\/droit-primaire\\\/#breadcrumb\"},\"inLanguage\":\"fr-FR\",\"potentialAction\":[{\"@type\":\"ReadAction\",\"target\":[\"https:\\\/\\\/prime.mc\\\/fr\\\/droit-primaire\\\/\"]}]},{\"@type\":\"ImageObject\",\"inLanguage\":\"fr-FR\",\"@id\":\"https:\\\/\\\/prime.mc\\\/fr\\\/droit-primaire\\\/#primaryimage\",\"url\":\"https:\\\/\\\/prime.mc\\\/wp-content\\\/uploads\\\/2023\\\/09\\\/casinoshopping-copy-2-scaled.jpg\",\"contentUrl\":\"https:\\\/\\\/prime.mc\\\/wp-content\\\/uploads\\\/2023\\\/09\\\/casinoshopping-copy-2-scaled.jpg\"},{\"@type\":\"BreadcrumbList\",\"@id\":\"https:\\\/\\\/prime.mc\\\/fr\\\/droit-primaire\\\/#breadcrumb\",\"itemListElement\":[{\"@type\":\"ListItem\",\"position\":1,\"name\":\"Home\",\"item\":\"https:\\\/\\\/prime.mc\\\/fr\\\/accueil\\\/\"},{\"@type\":\"ListItem\",\"position\":2,\"name\":\"Prime Law\"}]},{\"@type\":\"WebSite\",\"@id\":\"https:\\\/\\\/prime.mc\\\/#website\",\"url\":\"https:\\\/\\\/prime.mc\\\/\",\"name\":\"Prime.mc\",\"description\":\"Monaco Relocation Specialists\",\"publisher\":{\"@id\":\"https:\\\/\\\/prime.mc\\\/#organization\"},\"potentialAction\":[{\"@type\":\"SearchAction\",\"target\":{\"@type\":\"EntryPoint\",\"urlTemplate\":\"https:\\\/\\\/prime.mc\\\/?s={search_term_string}\"},\"query-input\":{\"@type\":\"PropertyValueSpecification\",\"valueRequired\":true,\"valueName\":\"search_term_string\"}}],\"inLanguage\":\"fr-FR\"},{\"@type\":\"Organization\",\"@id\":\"https:\\\/\\\/prime.mc\\\/#organization\",\"name\":\"Prime.mc\",\"url\":\"https:\\\/\\\/prime.mc\\\/\",\"logo\":{\"@type\":\"ImageObject\",\"inLanguage\":\"fr-FR\",\"@id\":\"https:\\\/\\\/prime.mc\\\/#\\\/schema\\\/logo\\\/image\\\/\",\"url\":\"https:\\\/\\\/prime.mc\\\/wp-content\\\/uploads\\\/2023\\\/07\\\/prime-logo1-11-11.svg\",\"contentUrl\":\"https:\\\/\\\/prime.mc\\\/wp-content\\\/uploads\\\/2023\\\/07\\\/prime-logo1-11-11.svg\",\"width\":170,\"height\":104,\"caption\":\"Prime.mc\"},\"image\":{\"@id\":\"https:\\\/\\\/prime.mc\\\/#\\\/schema\\\/logo\\\/image\\\/\"},\"sameAs\":[\"https:\\\/\\\/www.instagram.com\\\/prime_estate_mc\\\/\",\"http:\\\/\\\/linkedin.com\\\/prime-group-monaco\"]}]}<\/script>\n<!-- \/ Yoast SEO plugin. -->","yoast_head_json":{"title":"Prime Law - Prime Estate","robots":{"index":"index","follow":"follow","max-snippet":"max-snippet:-1","max-image-preview":"max-image-preview:large","max-video-preview":"max-video-preview:-1"},"canonical":"https:\/\/prime.mc\/fr\/droit-primaire\/","og_locale":"fr_FR","og_type":"article","og_title":"Prime Law - Prime Estate","og_description":"\/*! elementor &#8211; v3.19.0 &#8211; 07-02-2024 *\/ .elementor-widget-image{text-align:center}.elementor-widget-image a{display:inline-block}.elementor-widget-image a img[src$=&#8221;.svg&#8221;]{width:48px}.elementor-widget-image img{vertical-align:middle;display:inline-block} Fond\u00e9e en 2007 et sp\u00e9cialis\u00e9e dans le droit priv\u00e9, notre soci\u00e9t\u00e9 de conseil juridique&nbsp;accompagne les individus et les soci\u00e9t\u00e9s dans la r\u00e9alisation de leurs projets, en Principaut\u00e9 et au del\u00e0.&nbsp; Contacter Prime Law \/*! elementor &#8211; v3.19.0 &#8211; 07-02-2024 *\/ .elementor-heading-title{padding:0;margin:0;line-height:1}.elementor-widget-heading .elementor-heading-title[class*=elementor-size-]&gt;a{color:inherit;font-size:inherit;line-height:inherit}.elementor-widget-heading .elementor-heading-title.elementor-size-small{font-size:15px}.elementor-widget-heading [&hellip;]","og_url":"https:\/\/prime.mc\/fr\/droit-primaire\/","og_site_name":"Prime Estate","article_modified_time":"2026-02-12T10:19:31+00:00","og_image":[{"width":1024,"height":550,"url":"https:\/\/prime.mc\/wp-content\/uploads\/2023\/09\/casinoshopping-copy-2-1024x550.jpg","type":"image\/jpeg"}],"twitter_card":"summary_large_image","twitter_misc":{"Dur\u00e9e de lecture estim\u00e9e":"1 minute"},"schema":{"@context":"https:\/\/schema.org","@graph":[{"@type":"WebPage","@id":"https:\/\/prime.mc\/fr\/droit-primaire\/","url":"https:\/\/prime.mc\/fr\/droit-primaire\/","name":"Prime Law - Prime Estate","isPartOf":{"@id":"https:\/\/prime.mc\/#website"},"primaryImageOfPage":{"@id":"https:\/\/prime.mc\/fr\/droit-primaire\/#primaryimage"},"image":{"@id":"https:\/\/prime.mc\/fr\/droit-primaire\/#primaryimage"},"thumbnailUrl":"https:\/\/prime.mc\/wp-content\/uploads\/2023\/09\/casinoshopping-copy-2-scaled.jpg","datePublished":"2023-07-28T12:12:21+00:00","dateModified":"2026-02-12T10:19:31+00:00","breadcrumb":{"@id":"https:\/\/prime.mc\/fr\/droit-primaire\/#breadcrumb"},"inLanguage":"fr-FR","potentialAction":[{"@type":"ReadAction","target":["https:\/\/prime.mc\/fr\/droit-primaire\/"]}]},{"@type":"ImageObject","inLanguage":"fr-FR","@id":"https:\/\/prime.mc\/fr\/droit-primaire\/#primaryimage","url":"https:\/\/prime.mc\/wp-content\/uploads\/2023\/09\/casinoshopping-copy-2-scaled.jpg","contentUrl":"https:\/\/prime.mc\/wp-content\/uploads\/2023\/09\/casinoshopping-copy-2-scaled.jpg"},{"@type":"BreadcrumbList","@id":"https:\/\/prime.mc\/fr\/droit-primaire\/#breadcrumb","itemListElement":[{"@type":"ListItem","position":1,"name":"Home","item":"https:\/\/prime.mc\/fr\/accueil\/"},{"@type":"ListItem","position":2,"name":"Prime Law"}]},{"@type":"WebSite","@id":"https:\/\/prime.mc\/#website","url":"https:\/\/prime.mc\/","name":"Prime.mc","description":"Monaco Relocation Specialists","publisher":{"@id":"https:\/\/prime.mc\/#organization"},"potentialAction":[{"@type":"SearchAction","target":{"@type":"EntryPoint","urlTemplate":"https:\/\/prime.mc\/?s={search_term_string}"},"query-input":{"@type":"PropertyValueSpecification","valueRequired":true,"valueName":"search_term_string"}}],"inLanguage":"fr-FR"},{"@type":"Organization","@id":"https:\/\/prime.mc\/#organization","name":"Prime.mc","url":"https:\/\/prime.mc\/","logo":{"@type":"ImageObject","inLanguage":"fr-FR","@id":"https:\/\/prime.mc\/#\/schema\/logo\/image\/","url":"https:\/\/prime.mc\/wp-content\/uploads\/2023\/07\/prime-logo1-11-11.svg","contentUrl":"https:\/\/prime.mc\/wp-content\/uploads\/2023\/07\/prime-logo1-11-11.svg","width":170,"height":104,"caption":"Prime.mc"},"image":{"@id":"https:\/\/prime.mc\/#\/schema\/logo\/image\/"},"sameAs":["https:\/\/www.instagram.com\/prime_estate_mc\/","http:\/\/linkedin.com\/prime-group-monaco"]}]}},"_links":{"self":[{"href":"https:\/\/prime.mc\/fr\/wp-json\/wp\/v2\/pages\/59516","targetHints":{"allow":["GET"]}}],"collection":[{"href":"https:\/\/prime.mc\/fr\/wp-json\/wp\/v2\/pages"}],"about":[{"href":"https:\/\/prime.mc\/fr\/wp-json\/wp\/v2\/types\/page"}],"author":[{"embeddable":true,"href":"https:\/\/prime.mc\/fr\/wp-json\/wp\/v2\/users\/3"}],"replies":[{"embeddable":true,"href":"https:\/\/prime.mc\/fr\/wp-json\/wp\/v2\/comments?post=59516"}],"version-history":[{"count":1,"href":"https:\/\/prime.mc\/fr\/wp-json\/wp\/v2\/pages\/59516\/revisions"}],"predecessor-version":[{"id":334796,"href":"https:\/\/prime.mc\/fr\/wp-json\/wp\/v2\/pages\/59516\/revisions\/334796"}],"wp:attachment":[{"href":"https:\/\/prime.mc\/fr\/wp-json\/wp\/v2\/media?parent=59516"}],"curies":[{"name":"wp","href":"https:\/\/api.w.org\/{rel}","templated":true}]}}